{"id":13530,"date":"2026-04-03T01:46:41","date_gmt":"2026-04-03T01:46:41","guid":{"rendered":"https:\/\/sleekdesigns.shop\/?post_type=product&#038;p=13530"},"modified":"2026-04-03T01:53:26","modified_gmt":"2026-04-03T01:53:26","slug":"phototag-rastreador-y-tinta-personalizables-para-llaves-carteras-y-equipaje-compatible-con-apple-find-my-muestra-foto-y-emoji-hasta-10-meses-de-autonomia-e-impermeable-ip65-bateria-reemplazable","status":"publish","type":"product","link":"https:\/\/sleekdesigns.shop\/es\/producto\/phototag-rastreador-y-tinta-personalizables-para-llaves-carteras-y-equipaje-compatible-con-apple-find-my-muestra-foto-y-emoji-hasta-10-meses-de-autonomia-e-impermeable-ip65-bateria-reemplazable\/","title":{"rendered":"PhotoTag: rastreador y tinta personalizables para llaves, carteras y equipaje. Compatible con Apple Find My.Muestra foto y emoji. Hasta 10 meses de autonom\u00eda e impermeable IP65.Bater\u00eda reemplazable."},"content":{"rendered":"<div data-elementor-type=\"product-post\" data-elementor-id=\"13530\" class=\"elementor elementor-13530\" data-elementor-post-type=\"product\">\n\t\t\t\t<div class=\"elementor-element elementor-element-2c0caba1 e-flex e-con-boxed e-con e-parent\" data-id=\"2c0caba1\" data-element_type=\"container\" data-settings=\"{&quot;ekit_has_onepagescroll_dot&quot;:&quot;yes&quot;}\">\n\t\t\t\t\t<div class=\"e-con-inner\">\n\t\t<div class=\"elementor-element elementor-element-64e93e87 e-grid e-con-full e-con e-child\" data-id=\"64e93e87\" data-element_type=\"container\" data-settings=\"{&quot;ekit_has_onepagescroll_dot&quot;:&quot;yes&quot;}\">\n\t\t\t\t<div class=\"elementor-element elementor-element-74e395 elementor-widget elementor-widget-video\" data-id=\"74e395\" data-element_type=\"widget\" data-settings=\"{&quot;video_type&quot;:&quot;hosted&quot;,&quot;controls&quot;:&quot;yes&quot;,&quot;ekit_we_effect_on&quot;:&quot;none&quot;}\" data-widget_type=\"video.default\">\n\t\t\t\t<div class=\"elementor-widget-container\">\n\t\t\t\t\t\t\t<div class=\"e-hosted-video elementor-wrapper elementor-open-inline\">\n\t\t\t\t\t<video class=\"elementor-video\" src=\"https:\/\/sleekdesigns.shop\/wp-content\/uploads\/2026\/04\/video_2026-03-27_12-06-47.mp4\" controls=\"\" preload=\"metadata\" controlslist=\"nodownload\"><\/video>\n\t\t\t\t<\/div>\n\t\t\t\t\t\t<\/div>\n\t\t\t\t<\/div>\n\t\t\t\t<div class=\"elementor-element elementor-element-2b9f8b88 elementor-widget elementor-widget-text-editor\" data-id=\"2b9f8b88\" data-element_type=\"widget\" data-settings=\"{&quot;ekit_we_effect_on&quot;:&quot;none&quot;}\" data-widget_type=\"text-editor.default\">\n\t\t\t\t<div class=\"elementor-widget-container\">\n\t\t\t\t\t\t\t\t\t<div class=\"elementor-widget-container\">\n    # Caracter\u00edsticas y especificaciones\n\n<div class=\"product-table\">\n  <div class=\"product-row\">\n    <div class=\"product-label\">Dispositivos compatibles<\/div>\n    <div class=\"product-value\">iPhone, iPad<\/div>\n  <\/div>\n  <div class=\"product-row\">\n    <div class=\"product-label\">Duraci\u00f3n media de la bater\u00eda<\/div>\n    <div class=\"product-value\">10 meses<\/div>\n  <\/div>\n  <div class=\"product-row\">\n    <div class=\"product-label\">Tecnolog\u00eda de conectividad<\/div>\n    <div class=\"product-value\">Bluetooth<\/div>\n  <\/div>\n  <div class=\"product-row\">\n    <div class=\"product-label\">M\u00e9todo de control<\/div>\n    <div class=\"product-value\">Aplicaci\u00f3n<\/div>\n  <\/div>\n  <div class=\"product-row\">\n    <div class=\"product-label\">Gama<\/div>\n    <div class=\"product-value\">30 metros<\/div>\n  <\/div>\n<\/div>\n\n<style>\n.product-table {\n  width: 100%;\n  border-top: 1px solid #000;\n  font-family: Arial, sans-serif;\n}\n\n.product-row {\n  display: flex;\n  border-bottom: 1px solid #000;\n  padding: 12px 0;\n}\n\n.product-label {\n  flex: 1;\n  font-weight: bold;\n  min-width: 200px;\n  padding-right: 20px;\n}\n\n.product-value {\n  flex: 1;\n  min-width: 200px;\n}\n<\/style>\t\t\t\t\t\t\t\t<\/div>\n\t\t\t\t<\/div>\n\t\t\t\t<\/div>\n\t\t\t\t\t<\/div>\n\t\t\t\t<\/div>\n\t\t<div class=\"elementor-element elementor-element-717675d0 e-flex e-con-boxed e-con e-parent\" data-id=\"717675d0\" data-element_type=\"container\" data-settings=\"{&quot;ekit_has_onepagescroll_dot&quot;:&quot;yes&quot;}\">\n\t\t\t\t\t<div class=\"e-con-inner\">\n\t\t<div class=\"elementor-element elementor-element-5bf4c657 e-con-full e-flex e-con e-child\" data-id=\"5bf4c657\" data-element_type=\"container\" data-settings=\"{&quot;ekit_has_onepagescroll_dot&quot;:&quot;yes&quot;}\">\n\t\t<div class=\"elementor-element elementor-element-4d36db6e e-grid e-con-full e-con e-child\" data-id=\"4d36db6e\" data-element_type=\"container\" data-settings=\"{&quot;ekit_has_onepagescroll_dot&quot;:&quot;yes&quot;}\">\n\t\t\t\t<div class=\"elementor-element elementor-element-33eb721c elementor-position-top elementor-widget elementor-widget-image-box\" data-id=\"33eb721c\" data-element_type=\"widget\" data-settings=\"{&quot;ekit_we_effect_on&quot;:&quot;none&quot;}\" data-widget_type=\"image-box.default\">\n\t\t\t\t<div class=\"elementor-widget-container\">\n\t\t\t\t\t<div class=\"elementor-image-box-wrapper\"><figure class=\"elementor-image-box-img\"><img loading=\"lazy\" decoding=\"async\" width=\"300\" height=\"300\" src=\"https:\/\/sleekdesigns.shop\/wp-content\/uploads\/2026\/04\/6e59d973-5ae7-49a0-a3f9-836ef041757e.__CR00300300_PT0_SX300_V1___.jpg\" class=\"attachment-full size-full wp-image-13546 wvs-archive-product-image\" alt=\"\" srcset=\"https:\/\/sleekdesigns.shop\/wp-content\/uploads\/2026\/04\/6e59d973-5ae7-49a0-a3f9-836ef041757e.__CR00300300_PT0_SX300_V1___.jpg 300w, https:\/\/sleekdesigns.shop\/wp-content\/uploads\/2026\/04\/6e59d973-5ae7-49a0-a3f9-836ef041757e.__CR00300300_PT0_SX300_V1___-150x150.jpg 150w, https:\/\/sleekdesigns.shop\/wp-content\/uploads\/2026\/04\/6e59d973-5ae7-49a0-a3f9-836ef041757e.__CR00300300_PT0_SX300_V1___-12x12.jpg 12w, https:\/\/sleekdesigns.shop\/wp-content\/uploads\/2026\/04\/6e59d973-5ae7-49a0-a3f9-836ef041757e.__CR00300300_PT0_SX300_V1___-100x100.jpg 100w, https:\/\/sleekdesigns.shop\/wp-content\/uploads\/2026\/04\/6e59d973-5ae7-49a0-a3f9-836ef041757e.__CR00300300_PT0_SX300_V1___-50x50.jpg 50w, https:\/\/sleekdesigns.shop\/wp-content\/uploads\/2026\/04\/6e59d973-5ae7-49a0-a3f9-836ef041757e.__CR00300300_PT0_SX300_V1___-1x1.jpg 1w, https:\/\/sleekdesigns.shop\/wp-content\/uploads\/2026\/04\/6e59d973-5ae7-49a0-a3f9-836ef041757e.__CR00300300_PT0_SX300_V1___-10x10.jpg 10w\" sizes=\"auto, (max-width: 300px) 100vw, 300px\" \/><\/figure><div class=\"elementor-image-box-content\"><h3 class=\"elementor-image-box-title\">Bolsas de pista<\/h3><p class=\"elementor-image-box-description\">Gracias a la tecnolog\u00eda de localizaci\u00f3n avanzada, estas etiquetas inteligentes te permiten saber exactamente d\u00f3nde est\u00e1n tus llaves en todo momento. <\/p><\/div><\/div>\t\t\t\t<\/div>\n\t\t\t\t<\/div>\n\t\t\t\t<div class=\"elementor-element elementor-element-101e933c elementor-position-top elementor-widget elementor-widget-image-box\" data-id=\"101e933c\" data-element_type=\"widget\" data-settings=\"{&quot;ekit_we_effect_on&quot;:&quot;none&quot;}\" data-widget_type=\"image-box.default\">\n\t\t\t\t<div class=\"elementor-widget-container\">\n\t\t\t\t\t<div class=\"elementor-image-box-wrapper\"><figure class=\"elementor-image-box-img\"><img loading=\"lazy\" decoding=\"async\" width=\"300\" height=\"300\" src=\"https:\/\/sleekdesigns.shop\/wp-content\/uploads\/2026\/04\/53cec9f2-d7ba-447e-a0cf-38b43cbbf7f4.__CR00300300_PT0_SX300_V1___.jpg\" class=\"attachment-full size-full wp-image-13547 wvs-archive-product-image\" alt=\"\" srcset=\"https:\/\/sleekdesigns.shop\/wp-content\/uploads\/2026\/04\/53cec9f2-d7ba-447e-a0cf-38b43cbbf7f4.__CR00300300_PT0_SX300_V1___.jpg 300w, https:\/\/sleekdesigns.shop\/wp-content\/uploads\/2026\/04\/53cec9f2-d7ba-447e-a0cf-38b43cbbf7f4.__CR00300300_PT0_SX300_V1___-150x150.jpg 150w, https:\/\/sleekdesigns.shop\/wp-content\/uploads\/2026\/04\/53cec9f2-d7ba-447e-a0cf-38b43cbbf7f4.__CR00300300_PT0_SX300_V1___-12x12.jpg 12w, https:\/\/sleekdesigns.shop\/wp-content\/uploads\/2026\/04\/53cec9f2-d7ba-447e-a0cf-38b43cbbf7f4.__CR00300300_PT0_SX300_V1___-100x100.jpg 100w, https:\/\/sleekdesigns.shop\/wp-content\/uploads\/2026\/04\/53cec9f2-d7ba-447e-a0cf-38b43cbbf7f4.__CR00300300_PT0_SX300_V1___-50x50.jpg 50w, https:\/\/sleekdesigns.shop\/wp-content\/uploads\/2026\/04\/53cec9f2-d7ba-447e-a0cf-38b43cbbf7f4.__CR00300300_PT0_SX300_V1___-1x1.jpg 1w, https:\/\/sleekdesigns.shop\/wp-content\/uploads\/2026\/04\/53cec9f2-d7ba-447e-a0cf-38b43cbbf7f4.__CR00300300_PT0_SX300_V1___-10x10.jpg 10w\" sizes=\"auto, (max-width: 300px) 100vw, 300px\" \/><\/figure><div class=\"elementor-image-box-content\"><h3 class=\"elementor-image-box-title\">Equipaje de pista<\/h3><p class=\"elementor-image-box-description\">Olv\u00eddate de las aburridas etiquetas gen\u00e9ricas. Con nuestras etiquetas fotogr\u00e1ficas, puedes subir tu propia foto, imagen o dise\u00f1o favorito para crear un accesorio que realmente te represente. <\/p><\/div><\/div>\t\t\t\t<\/div>\n\t\t\t\t<\/div>\n\t\t\t\t<div class=\"elementor-element elementor-element-8b28263 elementor-position-top elementor-widget elementor-widget-image-box\" data-id=\"8b28263\" data-element_type=\"widget\" data-settings=\"{&quot;ekit_we_effect_on&quot;:&quot;none&quot;}\" data-widget_type=\"image-box.default\">\n\t\t\t\t<div class=\"elementor-widget-container\">\n\t\t\t\t\t<div class=\"elementor-image-box-wrapper\"><figure class=\"elementor-image-box-img\"><img loading=\"lazy\" decoding=\"async\" width=\"300\" height=\"300\" src=\"https:\/\/sleekdesigns.shop\/wp-content\/uploads\/2026\/04\/505c5865-37f2-4ec0-ad30-c7383893bea3.__CR00300300_PT0_SX300_V1___-1.jpg\" class=\"attachment-full size-full wp-image-13548 wvs-archive-product-image\" alt=\"\" srcset=\"https:\/\/sleekdesigns.shop\/wp-content\/uploads\/2026\/04\/505c5865-37f2-4ec0-ad30-c7383893bea3.__CR00300300_PT0_SX300_V1___-1.jpg 300w, https:\/\/sleekdesigns.shop\/wp-content\/uploads\/2026\/04\/505c5865-37f2-4ec0-ad30-c7383893bea3.__CR00300300_PT0_SX300_V1___-1-150x150.jpg 150w, https:\/\/sleekdesigns.shop\/wp-content\/uploads\/2026\/04\/505c5865-37f2-4ec0-ad30-c7383893bea3.__CR00300300_PT0_SX300_V1___-1-12x12.jpg 12w, https:\/\/sleekdesigns.shop\/wp-content\/uploads\/2026\/04\/505c5865-37f2-4ec0-ad30-c7383893bea3.__CR00300300_PT0_SX300_V1___-1-100x100.jpg 100w, https:\/\/sleekdesigns.shop\/wp-content\/uploads\/2026\/04\/505c5865-37f2-4ec0-ad30-c7383893bea3.__CR00300300_PT0_SX300_V1___-1-50x50.jpg 50w, https:\/\/sleekdesigns.shop\/wp-content\/uploads\/2026\/04\/505c5865-37f2-4ec0-ad30-c7383893bea3.__CR00300300_PT0_SX300_V1___-1-1x1.jpg 1w, https:\/\/sleekdesigns.shop\/wp-content\/uploads\/2026\/04\/505c5865-37f2-4ec0-ad30-c7383893bea3.__CR00300300_PT0_SX300_V1___-1-10x10.jpg 10w\" sizes=\"auto, (max-width: 300px) 100vw, 300px\" \/><\/figure><div class=\"elementor-image-box-content\"><h3 class=\"elementor-image-box-title\">Teclas de pista<\/h3><p class=\"elementor-image-box-description\">Adem\u00e1s de la imagen personalizada, cada etiqueta puede incluir texto grabado con tu nombre, n\u00famero de tel\u00e9fono o cualquier mensaje que desees. <\/p><\/div><\/div>\t\t\t\t<\/div>\n\t\t\t\t<\/div>\n\t\t\t\t<\/div>\n\t\t\t\t<\/div>\n\t\t\t\t<div class=\"elementor-element elementor-element-6cf7457a elementor-widget elementor-widget-image\" data-id=\"6cf7457a\" data-element_type=\"widget\" data-settings=\"{&quot;ekit_we_effect_on&quot;:&quot;none&quot;}\" data-widget_type=\"image.default\">\n\t\t\t\t<div class=\"elementor-widget-container\">\n\t\t\t\t\t\t\t\t\t\t\t\t\t\t\t<img loading=\"lazy\" decoding=\"async\" width=\"970\" height=\"600\" src=\"https:\/\/sleekdesigns.shop\/wp-content\/uploads\/2026\/04\/77c075b1-5b61-4f55-ba10-70a07ff15312.__CR106021371322_PT0_SX970_V1___.jpg\" class=\"attachment-full size-full wp-image-13549 wvs-archive-product-image\" alt=\"\" srcset=\"https:\/\/sleekdesigns.shop\/wp-content\/uploads\/2026\/04\/77c075b1-5b61-4f55-ba10-70a07ff15312.__CR106021371322_PT0_SX970_V1___.jpg 970w, https:\/\/sleekdesigns.shop\/wp-content\/uploads\/2026\/04\/77c075b1-5b61-4f55-ba10-70a07ff15312.__CR106021371322_PT0_SX970_V1___-300x186.jpg 300w, https:\/\/sleekdesigns.shop\/wp-content\/uploads\/2026\/04\/77c075b1-5b61-4f55-ba10-70a07ff15312.__CR106021371322_PT0_SX970_V1___-768x475.jpg 768w, https:\/\/sleekdesigns.shop\/wp-content\/uploads\/2026\/04\/77c075b1-5b61-4f55-ba10-70a07ff15312.__CR106021371322_PT0_SX970_V1___-18x12.jpg 18w, https:\/\/sleekdesigns.shop\/wp-content\/uploads\/2026\/04\/77c075b1-5b61-4f55-ba10-70a07ff15312.__CR106021371322_PT0_SX970_V1___-600x371.jpg 600w, https:\/\/sleekdesigns.shop\/wp-content\/uploads\/2026\/04\/77c075b1-5b61-4f55-ba10-70a07ff15312.__CR106021371322_PT0_SX970_V1___-1x1.jpg 1w, https:\/\/sleekdesigns.shop\/wp-content\/uploads\/2026\/04\/77c075b1-5b61-4f55-ba10-70a07ff15312.__CR106021371322_PT0_SX970_V1___-10x6.jpg 10w\" sizes=\"auto, (max-width: 970px) 100vw, 970px\" \/>\t\t\t\t\t\t\t\t\t\t\t\t\t\t\t<\/div>\n\t\t\t\t<\/div>\n\t\t\t\t<div class=\"elementor-element elementor-element-70c83c7c elementor-widget elementor-widget-heading\" data-id=\"70c83c7c\" data-element_type=\"widget\" data-settings=\"{&quot;ekit_we_effect_on&quot;:&quot;none&quot;}\" data-widget_type=\"heading.default\">\n\t\t\t\t<div class=\"elementor-widget-container\">\n\t\t\t\t\t<h2 class=\"elementor-heading-title elementor-size-default\">Nombre y datos de contacto grabados - Identificaci\u00f3n clara en caso de p\u00e9rdida<\/h2>\t\t\t\t<\/div>\n\t\t\t\t<\/div>\n\t\t\t\t<div class=\"elementor-element elementor-element-2b1f078d elementor-widget elementor-widget-text-editor\" data-id=\"2b1f078d\" data-element_type=\"widget\" data-settings=\"{&quot;ekit_we_effect_on&quot;:&quot;none&quot;}\" data-widget_type=\"text-editor.default\">\n\t\t\t\t<div class=\"elementor-widget-container\">\n\t\t\t\t\t\t\t\t\t<div class=\"celwidget aplus-module 3p-module-b aplus-standard\" data-csa-c-id=\"vdorm4-9k3l2f-ndk7qp-csey82\" data-cel-widget=\"aplus-3p-module-b\"><div class=\"aplus-module-wrapper aplus-3p-fixed-width\"><p class=\"a-spacing-base\">Adem\u00e1s de la imagen personalizada, cada etiqueta puede incluir\u00a0<strong>texto grabado con tu nombre, n\u00famero de tel\u00e9fono o cualquier mensaje<\/strong>\u00a0que desees. Si alguien encuentra tus llaves, podr\u00e1 contactarte directamente sin necesidad de tecnolog\u00eda. Es la combinaci\u00f3n perfecta entre lo digital y lo anal\u00f3gico para maximizar las probabilidades de recuperaci\u00f3n .<\/p><\/div><\/div>\t\t\t\t\t\t\t\t<\/div>\n\t\t\t\t<\/div>\n\t\t\t\t<div class=\"elementor-element elementor-element-1bd2dfb5 elementor-widget elementor-widget-image\" data-id=\"1bd2dfb5\" data-element_type=\"widget\" data-settings=\"{&quot;ekit_we_effect_on&quot;:&quot;none&quot;}\" data-widget_type=\"image.default\">\n\t\t\t\t<div class=\"elementor-widget-container\">\n\t\t\t\t\t\t\t\t\t\t\t\t\t\t\t<img loading=\"lazy\" decoding=\"async\" width=\"970\" height=\"600\" src=\"https:\/\/sleekdesigns.shop\/wp-content\/uploads\/2026\/04\/ec4f4304-d3fa-466b-92d7-df6ae5ac0152.__CR6801164720_PT0_SX970_V1___.jpg\" class=\"attachment-full size-full wp-image-13550 wvs-archive-product-image\" alt=\"\" srcset=\"https:\/\/sleekdesigns.shop\/wp-content\/uploads\/2026\/04\/ec4f4304-d3fa-466b-92d7-df6ae5ac0152.__CR6801164720_PT0_SX970_V1___.jpg 970w, https:\/\/sleekdesigns.shop\/wp-content\/uploads\/2026\/04\/ec4f4304-d3fa-466b-92d7-df6ae5ac0152.__CR6801164720_PT0_SX970_V1___-300x186.jpg 300w, https:\/\/sleekdesigns.shop\/wp-content\/uploads\/2026\/04\/ec4f4304-d3fa-466b-92d7-df6ae5ac0152.__CR6801164720_PT0_SX970_V1___-768x475.jpg 768w, https:\/\/sleekdesigns.shop\/wp-content\/uploads\/2026\/04\/ec4f4304-d3fa-466b-92d7-df6ae5ac0152.__CR6801164720_PT0_SX970_V1___-18x12.jpg 18w, https:\/\/sleekdesigns.shop\/wp-content\/uploads\/2026\/04\/ec4f4304-d3fa-466b-92d7-df6ae5ac0152.__CR6801164720_PT0_SX970_V1___-600x371.jpg 600w, https:\/\/sleekdesigns.shop\/wp-content\/uploads\/2026\/04\/ec4f4304-d3fa-466b-92d7-df6ae5ac0152.__CR6801164720_PT0_SX970_V1___-1x1.jpg 1w, https:\/\/sleekdesigns.shop\/wp-content\/uploads\/2026\/04\/ec4f4304-d3fa-466b-92d7-df6ae5ac0152.__CR6801164720_PT0_SX970_V1___-10x6.jpg 10w\" sizes=\"auto, (max-width: 970px) 100vw, 970px\" \/>\t\t\t\t\t\t\t\t\t\t\t\t\t\t\t<\/div>\n\t\t\t\t<\/div>\n\t\t\t\t<div class=\"elementor-element elementor-element-7e06200c elementor-widget elementor-widget-heading\" data-id=\"7e06200c\" data-element_type=\"widget\" data-settings=\"{&quot;ekit_we_effect_on&quot;:&quot;none&quot;}\" data-widget_type=\"heading.default\">\n\t\t\t\t<div class=\"elementor-widget-container\">\n\t\t\t\t\t<h2 class=\"elementor-heading-title elementor-size-default\">Dise\u00f1o personalizable - Una etiqueta \u00fanica que te representa<\/h2>\t\t\t\t<\/div>\n\t\t\t\t<\/div>\n\t\t\t\t<div class=\"elementor-element elementor-element-37e219b3 elementor-widget elementor-widget-text-editor\" data-id=\"37e219b3\" data-element_type=\"widget\" data-settings=\"{&quot;ekit_we_effect_on&quot;:&quot;none&quot;}\" data-widget_type=\"text-editor.default\">\n\t\t\t\t<div class=\"elementor-widget-container\">\n\t\t\t\t\t\t\t\t\t<p>Olv\u00eddate de las aburridas etiquetas gen\u00e9ricas. Con nuestras etiquetas fotogr\u00e1ficas, puedes\u00a0<strong>subir tu propia foto, imagen o dise\u00f1o favorito<\/strong>\u00a0para crear un accesorio que realmente te represente. Desde una foto familiar hasta tu mascota, pasando por un dise\u00f1o art\u00edstico o un logotipo personal, cada etiqueta es \u00fanica y f\u00e1cilmente reconocible. Tambi\u00e9n ofrecemos una amplia galer\u00eda de dise\u00f1os predise\u00f1ados para elegir .<\/p>\t\t\t\t\t\t\t\t<\/div>\n\t\t\t\t<\/div>\n\t\t\t\t<div class=\"elementor-element elementor-element-41324c43 elementor-widget elementor-widget-image\" data-id=\"41324c43\" data-element_type=\"widget\" data-settings=\"{&quot;ekit_we_effect_on&quot;:&quot;none&quot;}\" data-widget_type=\"image.default\">\n\t\t\t\t<div class=\"elementor-widget-container\">\n\t\t\t\t\t\t\t\t\t\t\t\t\t\t\t<img loading=\"lazy\" decoding=\"async\" width=\"970\" height=\"600\" src=\"https:\/\/sleekdesigns.shop\/wp-content\/uploads\/2026\/04\/7097131a-8fc8-4154-b793-06d358eb223d.__CR2470970600_PT0_SX970_V1___.jpg\" class=\"attachment-full size-full wp-image-13551 wvs-archive-product-image\" alt=\"\" srcset=\"https:\/\/sleekdesigns.shop\/wp-content\/uploads\/2026\/04\/7097131a-8fc8-4154-b793-06d358eb223d.__CR2470970600_PT0_SX970_V1___.jpg 970w, https:\/\/sleekdesigns.shop\/wp-content\/uploads\/2026\/04\/7097131a-8fc8-4154-b793-06d358eb223d.__CR2470970600_PT0_SX970_V1___-300x186.jpg 300w, https:\/\/sleekdesigns.shop\/wp-content\/uploads\/2026\/04\/7097131a-8fc8-4154-b793-06d358eb223d.__CR2470970600_PT0_SX970_V1___-768x475.jpg 768w, https:\/\/sleekdesigns.shop\/wp-content\/uploads\/2026\/04\/7097131a-8fc8-4154-b793-06d358eb223d.__CR2470970600_PT0_SX970_V1___-18x12.jpg 18w, https:\/\/sleekdesigns.shop\/wp-content\/uploads\/2026\/04\/7097131a-8fc8-4154-b793-06d358eb223d.__CR2470970600_PT0_SX970_V1___-600x371.jpg 600w, https:\/\/sleekdesigns.shop\/wp-content\/uploads\/2026\/04\/7097131a-8fc8-4154-b793-06d358eb223d.__CR2470970600_PT0_SX970_V1___-1x1.jpg 1w, https:\/\/sleekdesigns.shop\/wp-content\/uploads\/2026\/04\/7097131a-8fc8-4154-b793-06d358eb223d.__CR2470970600_PT0_SX970_V1___-10x6.jpg 10w\" sizes=\"auto, (max-width: 970px) 100vw, 970px\" \/>\t\t\t\t\t\t\t\t\t\t\t\t\t\t\t<\/div>\n\t\t\t\t<\/div>\n\t\t\t\t<div class=\"elementor-element elementor-element-5ea440e4 elementor-widget elementor-widget-heading\" data-id=\"5ea440e4\" data-element_type=\"widget\" data-settings=\"{&quot;ekit_we_effect_on&quot;:&quot;none&quot;}\" data-widget_type=\"heading.default\">\n\t\t\t\t<div class=\"elementor-widget-container\">\n\t\t\t\t\t<h2 class=\"elementor-heading-title elementor-size-default\">Localizador de corto alcance Sound-Alert<\/h2>\t\t\t\t<\/div>\n\t\t\t\t<\/div>\n\t\t\t\t<div class=\"elementor-element elementor-element-64207fee elementor-widget elementor-widget-text-editor\" data-id=\"64207fee\" data-element_type=\"widget\" data-settings=\"{&quot;ekit_we_effect_on&quot;:&quot;none&quot;}\" data-widget_type=\"text-editor.default\">\n\t\t\t\t<div class=\"elementor-widget-container\">\n\t\t\t\t\t\t\t\t\t<p>\u00bfTe cuesta encontrar las llaves escondidas en la mochila? \u00bfPierde lo imprescindible en casa? \u00bfPierde la pista de su equipaje en el aeropuerto? Activa el rastreador PhotoTag y emitir\u00e1 un fuerte sonido que te ayudar\u00e1 a localizar al instante tus pertenencias cerca de ti.<\/p>\t\t\t\t\t\t\t\t<\/div>\n\t\t\t\t<\/div>\n\t\t\t\t\t<\/div>\n\t\t\t\t<\/div>\n\t\t\t\t<\/div>","protected":false},"excerpt":{"rendered":"<h1 class=\"a-size-base-plus a-text-bold\">Acerca de este art\u00edculo<\/h1>\n<ul class=\"a-unordered-list a-vertical a-spacing-mini\">\n<li class=\"a-spacing-mini\"><span class=\"a-list-item\">\u3010Personalized Bluetooth Tracker\u3011PhotoTag tiene una pantalla de tinta electr\u00f3nica personalizable. Personalizarlo con su foto favorita o informaci\u00f3n de contacto para un toque personal mientras que el seguimiento de llaves, mochilas, equipaje, coches, bicicletas, perros, gatos u objetos de valor-nunca pierda sus elementos esenciales de nuevo.<\/span><\/li>\n<li class=\"a-spacing-mini\"><span class=\"a-list-item\">\u3010Built-In Digital Contact Card\u3011M\u00e1s que otros rastreadores, la pantalla E Ink de PhotoTag funciona como una tarjeta de contacto digital. A\u00f1ada su nombre, tel\u00e9fono o correo electr\u00f3nico en la pantalla de tinta electr\u00f3nica para que cualquiera que encuentre su objeto perdido pueda localizarlo f\u00e1cilmente.<\/span><\/li>\n<\/ul>","protected":false},"featured_media":13534,"comment_status":"open","ping_status":"closed","template":"","meta":{"_acf_changed":false},"etheme_brands":[],"product_brand":[],"product_cat":[127,118],"product_tag":[],"class_list":{"0":"post-13530","1":"product","2":"type-product","3":"status-publish","4":"has-post-thumbnail","6":"product_cat-dao","7":"product_cat-sale-shop","9":"first","10":"instock","11":"sale","12":"shipping-taxable","13":"purchasable","14":"product-type-variable","15":"has-default-attributes","16":"wvs-archive-product-wrapper"},"acf":[],"_links":{"self":[{"href":"https:\/\/sleekdesigns.shop\/es\/wp-json\/wp\/v2\/product\/13530","targetHints":{"allow":["GET"]}}],"collection":[{"href":"https:\/\/sleekdesigns.shop\/es\/wp-json\/wp\/v2\/product"}],"about":[{"href":"https:\/\/sleekdesigns.shop\/es\/wp-json\/wp\/v2\/types\/product"}],"replies":[{"embeddable":true,"href":"https:\/\/sleekdesigns.shop\/es\/wp-json\/wp\/v2\/comments?post=13530"}],"version-history":[{"count":4,"href":"https:\/\/sleekdesigns.shop\/es\/wp-json\/wp\/v2\/product\/13530\/revisions"}],"predecessor-version":[{"id":13559,"href":"https:\/\/sleekdesigns.shop\/es\/wp-json\/wp\/v2\/product\/13530\/revisions\/13559"}],"wp:featuredmedia":[{"embeddable":true,"href":"https:\/\/sleekdesigns.shop\/es\/wp-json\/wp\/v2\/media\/13534"}],"wp:attachment":[{"href":"https:\/\/sleekdesigns.shop\/es\/wp-json\/wp\/v2\/media?parent=13530"}],"wp:term":[{"taxonomy":"brand","embeddable":true,"href":"https:\/\/sleekdesigns.shop\/es\/wp-json\/wp\/v2\/etheme_brands?post=13530"},{"taxonomy":"product_brand","embeddable":true,"href":"https:\/\/sleekdesigns.shop\/es\/wp-json\/wp\/v2\/product_brand?post=13530"},{"taxonomy":"product_cat","embeddable":true,"href":"https:\/\/sleekdesigns.shop\/es\/wp-json\/wp\/v2\/product_cat?post=13530"},{"taxonomy":"product_tag","embeddable":true,"href":"https:\/\/sleekdesigns.shop\/es\/wp-json\/wp\/v2\/product_tag?post=13530"}],"curies":[{"name":"wp","href":"https:\/\/api.w.org\/{rel}","templated":true}]}}